{"id":785,"date":"2018-06-05T10:05:28","date_gmt":"2018-06-05T09:05:28","guid":{"rendered":"https:\/\/www.mandl.org\/?page_id=785"},"modified":"2018-11-25T12:16:38","modified_gmt":"2018-11-25T11:16:38","slug":"datenschutzerklaerung","status":"publish","type":"page","link":"https:\/\/www.mandl.org\/en\/datenschutzerklaerung\/","title":{"rendered":"DATA PROTECTION"},"content":{"rendered":"<p><\/p>\n<p style=\"text-align: justify;\"><span title=\"Der Schutz Ihrer pers\u00f6nlichen Daten ist uns wichtig.\">The safety of your personal data is important to us. <\/span><span title=\"Wir verarbeiten Ihre Daten ausschlie\u00dflich im Rahmen der gesetzlichen Bestimmungen (DSGVO, DSG 2000, TKG 2003).\">We process your data exclusively in accordance with the statutory provisions (DSGVO, DSG, TKG). <\/span><span title=\"Nachfolgend informieren wir Sie \u00fcber die wichtigsten Aspekte der Datenverarbeitung im Rahmen unserer Website. \">Below we inform you about the most important aspects of data processing within our website.<\/span><\/p>\n<p style=\"text-align: justify;\"><span title=\"Kontakt mit uns \"><strong>Contact to us<\/strong><br \/>\n<\/span><span title=\"Wenn Sie per Formular auf der Website oder per E-Mail Kontakt mit uns aufnehmen, werden Ihre angegebenen Daten zwecks Bearbeitung der Anfrage bei uns gespeichert.\">If you contact us via the form on the website or by e-mail, your data will be stored in order to process the request. <\/span><span title=\"Diese Daten geben wir nicht ohne Ihre Einwilligung weiter. \">We will not share this information without your consent.<\/span><\/p>\n<p style=\"text-align: justify;\"><span title=\"Ihre Rechte \"><strong>Your rights<\/strong><br \/>\n<\/span><span title=\"Sie haben grunds\u00e4tzlich das Recht auf Auskunft, Berichtigung, L\u00f6schung, Einschr\u00e4nkung der Verarbeitung, Daten\u00fcbertragbarkeit, Widerruf und Widerspruch.\">You have the right in principle to information, correction, deletion, limitation of processing, data portability, revocation and opposition. <\/span><span title=\"Wenn Sie glauben, dass die Verarbeitung Ihrer Daten gegen das Datenschutzrecht verst\u00f6\u00dft oder Ihre datenschutzrechtlichen Anspr\u00fcche in einer anderen Weise verletzt worden sind, k\u00f6nnen Sie sich bei der Aufsichtsbeh\u00f6rde beschweren.\">If you believe that the processing of your data violates data protection law or if your data protection claims have been infringed in another way, you can complain to the supervisory authority. <\/span><span title=\"In \u00d6sterreich ist dies die Datenschutzbeh\u00f6rde. \">In Austria, this is the data protection authority.<\/span><\/p>\n<p style=\"text-align: justify;\"><span title=\"Unsere Kontaktdaten: \"><strong>Our contact details:<\/strong><br \/>\n<\/span><span title=\"Ziviltechnikerkanzlei Dipl.-Ing.\">Civil Engineering Office Dipl.-Ing. <\/span><span title=\"Dr.techn.\">Dr.techn. <\/span><span title=\"Peter Mandl, Custozzagasse 3, 8020 Graz, Tel: +43 316 771179, bzw. Kontaktformular auf der Webseite\">Peter Mandl, Custozzagasse 3, 8020 Graz, Phone: +43 (0) 316 771179, or contact form on the website<\/span><\/p>\n<p><\/p>","protected":false},"excerpt":{"rendered":"<p>The safety of your personal data is important to us. We process your data exclusively in accordance with the statutory provisions (DSGVO, DSG, TKG). Below we inform you about the most important aspects of data processing within our website. Contact <a class=\"more-link\" href=\"https:\/\/www.mandl.org\/en\/datenschutzerklaerung\/\">Mehr&#8230;<\/a><\/p>\n","protected":false},"author":3,"featured_media":0,"parent":0,"menu_order":0,"comment_status":"closed","ping_status":"closed","template":"","meta":{"footnotes":""},"class_list":["post-785","page","type-page","status-publish","hentry"],"yoast_head":"<!-- This site is optimized with the Yoast SEO plugin v27.5 - https:\/\/yoast.com\/product\/yoast-seo-wordpress\/ -->\n<title>DATA PROTECTION - ZIVILTECHNIKERKANZLEI Dipl.-Ing. Dr.techn. Peter MANDL<\/title>\n<meta name=\"robots\" content=\"index, follow, max-snippet:-1, max-image-preview:large, max-video-preview:-1\" \/>\n<link rel=\"canonical\" href=\"https:\/\/www.mandl.org\/en\/datenschutzerklaerung\/\" \/>\n<meta property=\"og:locale\" content=\"en_US\" \/>\n<meta property=\"og:type\" content=\"article\" \/>\n<meta property=\"og:title\" content=\"DATA PROTECTION - ZIVILTECHNIKERKANZLEI Dipl.-Ing. Dr.techn. Peter MANDL\" \/>\n<meta property=\"og:description\" content=\"The safety of your personal data is important to us. We process your data exclusively in accordance with the statutory provisions (DSGVO, DSG, TKG). Below we inform you about the most important aspects of data processing within our website. Contact Mehr...\" \/>\n<meta property=\"og:url\" content=\"https:\/\/www.mandl.org\/en\/datenschutzerklaerung\/\" \/>\n<meta property=\"og:site_name\" content=\"ZIVILTECHNIKERKANZLEI Dipl.-Ing. Dr.techn. Peter MANDL\" \/>\n<meta property=\"article:modified_time\" content=\"2018-11-25T11:16:38+00:00\" \/>\n<meta name=\"twitter:label1\" content=\"Est. reading time\" \/>\n\t<meta name=\"twitter:data1\" content=\"2 minutes\" \/>\n<script type=\"application\/ld+json\" class=\"yoast-schema-graph\">{\"@context\":\"https:\\\/\\\/schema.org\",\"@graph\":[{\"@type\":\"WebPage\",\"@id\":\"https:\\\/\\\/www.mandl.org\\\/en\\\/datenschutzerklaerung\\\/\",\"url\":\"https:\\\/\\\/www.mandl.org\\\/en\\\/datenschutzerklaerung\\\/\",\"name\":\"DATA PROTECTION - ZIVILTECHNIKERKANZLEI Dipl.-Ing. Dr.techn. Peter MANDL\",\"isPartOf\":{\"@id\":\"https:\\\/\\\/www.mandl.org\\\/en\\\/#website\"},\"datePublished\":\"2018-06-05T09:05:28+00:00\",\"dateModified\":\"2018-11-25T11:16:38+00:00\",\"breadcrumb\":{\"@id\":\"https:\\\/\\\/www.mandl.org\\\/en\\\/datenschutzerklaerung\\\/#breadcrumb\"},\"inLanguage\":\"en-US\",\"potentialAction\":[{\"@type\":\"ReadAction\",\"target\":[[\"https:\\\/\\\/www.mandl.org\\\/en\\\/datenschutzerklaerung\\\/\"]]}]},{\"@type\":\"BreadcrumbList\",\"@id\":\"https:\\\/\\\/www.mandl.org\\\/en\\\/datenschutzerklaerung\\\/#breadcrumb\",\"itemListElement\":[{\"@type\":\"ListItem\",\"position\":1,\"name\":\"Home\",\"item\":\"https:\\\/\\\/www.mandl.org\\\/en\\\/\"},{\"@type\":\"ListItem\",\"position\":2,\"name\":\"DATENSCHUTZERKL\u00c4RUNG\"}]},{\"@type\":\"WebSite\",\"@id\":\"https:\\\/\\\/www.mandl.org\\\/en\\\/#website\",\"url\":\"https:\\\/\\\/www.mandl.org\\\/en\\\/\",\"name\":\"ZIVILTECHNIKERKANZLEI Dipl.-Ing. Dr.techn. Peter MANDL\",\"description\":\"Your partner for Information Technologies, Electrotechnics, Communication Technologies, Measurement Technologies, Business and IT Law\",\"publisher\":{\"@id\":\"https:\\\/\\\/www.mandl.org\\\/en\\\/#organization\"},\"potentialAction\":[{\"@type\":\"SearchAction\",\"target\":{\"@type\":\"EntryPoint\",\"urlTemplate\":\"https:\\\/\\\/www.mandl.org\\\/en\\\/?s={search_term_string}\"},\"query-input\":{\"@type\":\"PropertyValueSpecification\",\"valueRequired\":true,\"valueName\":\"search_term_string\"}}],\"inLanguage\":\"en-US\"},{\"@type\":\"Organization\",\"@id\":\"https:\\\/\\\/www.mandl.org\\\/en\\\/#organization\",\"name\":\"ZIVILTECHNIKERKANZLEI Dipl.-Ing. Dr.techn. Peter MANDL\",\"url\":\"https:\\\/\\\/www.mandl.org\\\/en\\\/\",\"logo\":{\"@type\":\"ImageObject\",\"inLanguage\":\"en-US\",\"@id\":\"https:\\\/\\\/www.mandl.org\\\/en\\\/#\\\/schema\\\/logo\\\/image\\\/\",\"url\":\"https:\\\/\\\/www.mandl.org\\\/wp-content\\\/uploads\\\/2015\\\/08\\\/Logo-ZT-Peter-Mandl-070815_kl1-e1438955890287.jpg\",\"contentUrl\":\"https:\\\/\\\/www.mandl.org\\\/wp-content\\\/uploads\\\/2015\\\/08\\\/Logo-ZT-Peter-Mandl-070815_kl1-e1438955890287.jpg\",\"width\":600,\"height\":128,\"caption\":\"ZIVILTECHNIKERKANZLEI Dipl.-Ing. Dr.techn. Peter MANDL\"},\"image\":{\"@id\":\"https:\\\/\\\/www.mandl.org\\\/en\\\/#\\\/schema\\\/logo\\\/image\\\/\"}}]}<\/script>\n<!-- \/ Yoast SEO plugin. -->","yoast_head_json":{"title":"DATA PROTECTION - ZIVILTECHNIKERKANZLEI Dipl.-Ing. Dr.techn. Peter MANDL","robots":{"index":"index","follow":"follow","max-snippet":"max-snippet:-1","max-image-preview":"max-image-preview:large","max-video-preview":"max-video-preview:-1"},"canonical":"https:\/\/www.mandl.org\/en\/datenschutzerklaerung\/","og_locale":"en_US","og_type":"article","og_title":"DATA PROTECTION - ZIVILTECHNIKERKANZLEI Dipl.-Ing. Dr.techn. Peter MANDL","og_description":"The safety of your personal data is important to us. We process your data exclusively in accordance with the statutory provisions (DSGVO, DSG, TKG). Below we inform you about the most important aspects of data processing within our website. Contact Mehr...","og_url":"https:\/\/www.mandl.org\/en\/datenschutzerklaerung\/","og_site_name":"ZIVILTECHNIKERKANZLEI Dipl.-Ing. Dr.techn. Peter MANDL","article_modified_time":"2018-11-25T11:16:38+00:00","twitter_misc":{"Est. reading time":"2 minutes"},"schema":{"@context":"https:\/\/schema.org","@graph":[{"@type":"WebPage","@id":"https:\/\/www.mandl.org\/en\/datenschutzerklaerung\/","url":"https:\/\/www.mandl.org\/en\/datenschutzerklaerung\/","name":"DATA PROTECTION - ZIVILTECHNIKERKANZLEI Dipl.-Ing. Dr.techn. Peter MANDL","isPartOf":{"@id":"https:\/\/www.mandl.org\/en\/#website"},"datePublished":"2018-06-05T09:05:28+00:00","dateModified":"2018-11-25T11:16:38+00:00","breadcrumb":{"@id":"https:\/\/www.mandl.org\/en\/datenschutzerklaerung\/#breadcrumb"},"inLanguage":"en-US","potentialAction":[{"@type":"ReadAction","target":[["https:\/\/www.mandl.org\/en\/datenschutzerklaerung\/"]]}]},{"@type":"BreadcrumbList","@id":"https:\/\/www.mandl.org\/en\/datenschutzerklaerung\/#breadcrumb","itemListElement":[{"@type":"ListItem","position":1,"name":"Home","item":"https:\/\/www.mandl.org\/en\/"},{"@type":"ListItem","position":2,"name":"DATENSCHUTZERKL\u00c4RUNG"}]},{"@type":"WebSite","@id":"https:\/\/www.mandl.org\/en\/#website","url":"https:\/\/www.mandl.org\/en\/","name":"ZIVILTECHNIKERKANZLEI Dipl.-Ing. Dr.techn. Peter MANDL","description":"Your partner for Information Technologies, Electrotechnics, Communication Technologies, Measurement Technologies, Business and IT Law","publisher":{"@id":"https:\/\/www.mandl.org\/en\/#organization"},"potentialAction":[{"@type":"SearchAction","target":{"@type":"EntryPoint","urlTemplate":"https:\/\/www.mandl.org\/en\/?s={search_term_string}"},"query-input":{"@type":"PropertyValueSpecification","valueRequired":true,"valueName":"search_term_string"}}],"inLanguage":"en-US"},{"@type":"Organization","@id":"https:\/\/www.mandl.org\/en\/#organization","name":"ZIVILTECHNIKERKANZLEI Dipl.-Ing. Dr.techn. Peter MANDL","url":"https:\/\/www.mandl.org\/en\/","logo":{"@type":"ImageObject","inLanguage":"en-US","@id":"https:\/\/www.mandl.org\/en\/#\/schema\/logo\/image\/","url":"https:\/\/www.mandl.org\/wp-content\/uploads\/2015\/08\/Logo-ZT-Peter-Mandl-070815_kl1-e1438955890287.jpg","contentUrl":"https:\/\/www.mandl.org\/wp-content\/uploads\/2015\/08\/Logo-ZT-Peter-Mandl-070815_kl1-e1438955890287.jpg","width":600,"height":128,"caption":"ZIVILTECHNIKERKANZLEI Dipl.-Ing. Dr.techn. Peter MANDL"},"image":{"@id":"https:\/\/www.mandl.org\/en\/#\/schema\/logo\/image\/"}}]}},"_links":{"self":[{"href":"https:\/\/www.mandl.org\/en\/wp-json\/wp\/v2\/pages\/785","targetHints":{"allow":["GET"]}}],"collection":[{"href":"https:\/\/www.mandl.org\/en\/wp-json\/wp\/v2\/pages"}],"about":[{"href":"https:\/\/www.mandl.org\/en\/wp-json\/wp\/v2\/types\/page"}],"author":[{"embeddable":true,"href":"https:\/\/www.mandl.org\/en\/wp-json\/wp\/v2\/users\/3"}],"replies":[{"embeddable":true,"href":"https:\/\/www.mandl.org\/en\/wp-json\/wp\/v2\/comments?post=785"}],"version-history":[{"count":6,"href":"https:\/\/www.mandl.org\/en\/wp-json\/wp\/v2\/pages\/785\/revisions"}],"predecessor-version":[{"id":864,"href":"https:\/\/www.mandl.org\/en\/wp-json\/wp\/v2\/pages\/785\/revisions\/864"}],"wp:attachment":[{"href":"https:\/\/www.mandl.org\/en\/wp-json\/wp\/v2\/media?parent=785"}],"curies":[{"name":"wp","href":"https:\/\/api.w.org\/{rel}","templated":true}]}}