{"id":349,"date":"2015-08-16T12:26:09","date_gmt":"2015-08-16T11:26:09","guid":{"rendered":"http:\/\/dr.mandl.org\/?page_id=349"},"modified":"2023-11-30T13:08:46","modified_gmt":"2023-11-30T12:08:46","slug":"forschungpublikationen","status":"publish","type":"page","link":"https:\/\/www.mandl.org\/en\/forschungpublikationen\/","title":{"rendered":"Research\/Publications"},"content":{"rendered":"<p><\/p>\n<p style=\"text-align: justify;\"><span id=\"result_box\" class=\"\" lang=\"en\"><span class=\"\">Dipl.-Ing<\/span>. Dr.techn. Peter Mandl <span class=\"\">is distinguished lecturer<\/span> <span class=\"\">at the Institute for<\/span> High Frequency Technology, University of Technology Graz <span class=\"\">and<\/span> he <span class=\"\">exerts his<\/span> international research work at the interface between information technology<span class=\"\">, business and law<\/span> as an author or co-author of a number of <span class=\"\">publications and presentations<\/span> <span class=\"\">from<\/span> <span class=\"\">(excerpt<\/span><span class=\"\">)<\/span><span class=\"\">:<\/span><\/span><\/p>\n<table>\n<tbody>\n<tr>\n<td style=\"text-align: justify;\">\n<ul>\n<li><strong>Peter Mandl<\/strong>, Pirmin Pezzei, Erich Leitgeb, <em>Comparison of Everyday Exposure Situations to RF Radiation regarding different Sources including Mobile Communications with Respect to 5G<\/em>, <span class=\"date\"><span class=\"st\">The International Journal of Image Processing &amp; Communications, Volume Number 24(1)\/2021, ISSN: 1425-140X<\/span><\/span><\/li>\n<\/ul>\n<\/td>\n<\/tr>\n<tr>\n<td style=\"text-align: justify;\">\n<ul>\n<li><strong>Peter Mandl<\/strong>, Pirmin Pezzei, Erich Leitgeb, <em>Comparison of Different Exposure Situations to RF Radiation regarding Mobile Communications with Respect to 5G<\/em>, <span class=\"date\"><span class=\"st\">IEICE Information and Communication Technology Forum, September 10<sup>th<\/sup> &#8211; 12<sup>th<\/sup> 2020, Nis, Serbia<\/span><\/span><\/li>\n<\/ul>\n<\/td>\n<\/tr>\n<tr>\n<td style=\"text-align: justify;\">\n<ul>\n<li><strong>Peter Mandl<\/strong>, Pirmin Pezzei, Erich Leitgeb, <em>Comparison of Radiation Exposure between DVBT2, WLAN, 5G and other Sources with Respect to Law and Regulation Issues<\/em>, <span class=\"date\"><span class=\"st\">International Conference on Broadband Communications, Networks, and Systems (<em>CoBCom 2020<\/em>), July 7<sup>th<\/sup> &#8211; 10<sup>th<\/sup> 2020, Graz, Austria<\/span><\/span><\/li>\n<\/ul>\n<\/td>\n<\/tr>\n<tr>\n<td style=\"text-align: justify;\">\n<ul>\n<li><strong>Peter Mandl<\/strong>, Pirmin Pezzei, Erich Leitgeb, <em>Selected Health and Law Issues regarding Mobile Communications with Respect to 5G<\/em>,\u00a0<span class=\"date\"><span class=\"st\">International Conference on Broadband Communications for Next Generation Networks and Multimedia Applications (<em>CoBCom 2018<\/em>), July 11<sup>th<\/sup> &#8211; 13<sup>th<\/sup>, <em>2018<\/em>, Graz, Austria<\/span><br \/>\n<\/span><\/li>\n<\/ul>\n<\/td>\n<\/tr>\n<tr>\n<td style=\"text-align: justify;\">\n<ul>\n<li style=\"text-align: justify;\"><strong>Peter Mandl<\/strong>, &#8220;<em>Fit f\u00fcr die DSGVO &#8211; Rechtliche Grundlagen und grundlegende ausgew\u00e4hlte Informationen zur Europ\u00e4ischen Datenschutz Grundverordnung&#8221;<\/em> &#8211; Several t<span lang=\"en\">alks on behalf of the Chamber of Civil Engineers for Styria and Carinthia for all chamber members, April and May 2018<\/span><\/li>\n<\/ul>\n<\/td>\n<\/tr>\n<tr>\n<td style=\"text-align: justify;\">\n<ul>\n<li><strong>Peter Mandl<\/strong>, Pirmin Pezzei, David Veit, Erich Leitgeb, <em>Selected Health and Law Issues regarding Mobile Communications<\/em>, <span class=\"date\">25<sup>th<\/sup> International Conference on Software, Telecommunications and Computer Networks (<em>SoftCOM 2017<\/em>), <span class=\"st\">September 21-23 2017, Split, Croatia<\/span><br \/>\n<\/span><\/li>\n<\/ul>\n<\/td>\n<\/tr>\n<tr>\n<td style=\"text-align: justify;\">\n<ul>\n<li>Leitgeb, E., Plank, T., Loeschnigg, M., <strong>Mandl, P<\/strong>., <em>Free Space Optics in different (civil and military) application scenarios in combination with other wireless technologies (Invited)<\/em>, Proceedings of the 16th International Telecommunications Network Strategy and Planning Symposium, <span class=\"date\">Graz, Austria, July 6-10 2014<\/span><\/li>\n<\/ul>\n<\/td>\n<\/tr>\n<tr>\n<td style=\"text-align: justify;\">\n<ul>\n<li><strong>Mandl, P.<\/strong>, Unterhuber, P., Wagner, E. &amp; Leitgeb, E., <em>Law Situation of License Exempt Free Space Optic Beams Influencing Private Properties<\/em>, Proceedings of the 16<sup>th<\/sup> International Conference on Transparent Optical Networks (ICTON), Graz, Austria, July 6-10 2014, pp. 1-4<\/li>\n<\/ul>\n<\/td>\n<\/tr>\n<tr>\n<td style=\"text-align: justify;\">\n<ul>\n<li><strong>Mandl, P<\/strong>., Leitgeb, E., Loeschnigg, M., Plank, T. &amp; Pezzei, P, <em>FSO and WLAN as backward channel for Internet connections of peripheral regions only covered by DVB-T<\/em>, Proceedings of the 15th International Conference on Transparent Optical Networks (ICTON), Cartagena, Spain, 23-27 June 2013, pp. 1-5<\/li>\n<\/ul>\n<\/td>\n<\/tr>\n<tr>\n<td style=\"text-align: justify;\">\n<ul>\n<li><strong>P. Mandl<\/strong>, F. Kerschner, E. Leitgeb, <em>Law Situation of license exempt Free Space Optic Beams crossing Private Properties,<\/em> ConTel 2011, International Conference on Telecommunications, 15-17 June 2011, Graz, Austria (IEEE)<\/li>\n<\/ul>\n<\/td>\n<\/tr>\n<tr>\n<td style=\"text-align: justify;\">\n<ul>\n<li>Thomas Plank, Martin Czaputa, Erich Leitgeb, Sajid Sheikh Muhammad, Nevena Djaja, Bernhard Hillbrand, <strong>Peter Mandl<\/strong>, Michael Sch\u00f6nhuber, <em>Wavelength Selection on FSO Links, <\/em>EUCAP 2011, European Conference on Antennas and Propagation, 11-15 April 2011, Rome, Italy<\/li>\n<\/ul>\n<\/td>\n<\/tr>\n<tr>\n<td style=\"text-align: justify;\">\n<ul>\n<li>S. Khan, M. S. Awan, S. S. Muhammad, V. Kvicera, M. Grabner, C. Capsoni, E. Leitgeb, <strong>P. Mandl<\/strong>, <em>Linearity in Optical Attenuations for Free-Space Optical Links in Continental Fog, <\/em>EUCAP 2011, European Conference on Antennas and Propagation, 11-15 April 2011, Rome, Italy<\/li>\n<\/ul>\n<\/td>\n<\/tr>\n<tr>\n<td style=\"text-align: justify;\">\n<ul>\n<li><strong>Mandl P.<\/strong>, Leitgeb E., <em>Latest FSO-Modelling results at TU Graz<\/em>, Presentation at WG3 at the COST IC0802 (MC-Meeting und WG-Meeting 8. November &#8211; 10. November 2010, Erice) COST\u00a0(European Cooperation in Science and Technology) IC0802 Meeting mit Workshop und ITU-R SG3 Meeting in Erice, Sicily, Italy, 11 \/ 2010<\/li>\n<\/ul>\n<\/td>\n<\/tr>\n<tr>\n<td style=\"text-align: justify;\">\n<ul>\n<li><strong>Mandl, P.<\/strong>, <em>Arbeitssicherheit beim Errichten und Warten von optischen und hochfrequenten fernmeldetechnischen Sende- u. Empfangseinrichtungen<\/em>, AUVA Projektarbeit, 2010<\/li>\n<\/ul>\n<\/td>\n<\/tr>\n<tr>\n<td style=\"text-align: justify;\">\n<ul>\n<li>L\u00f6schnigg, <strong>P. Mandl<\/strong>, E. Leitgeb, <em>Long-term Performance Observation of a Free Space Optics Link<\/em>, ConTel 2009, 8-10 June 2009, International Conference on Telecommunications Zagreb, Croatia (IEEE)<\/li>\n<\/ul>\n<\/td>\n<\/tr>\n<tr>\n<td style=\"text-align: justify;\">\n<ul>\n<li><strong>P. Mandl<\/strong>, P. Schrotter, E. Leitgeb, <em>Verwendung von DVB-T, WLAN und FSO f\u00fcr Internetanbindungen in unterversorgten Regionen<\/em>, Springer Verlag, e &amp; i Elektrotechnik und Informationstechnik, Volume 126, Numbers 7-8, pp. 322-326<\/li>\n<\/ul>\n<\/td>\n<\/tr>\n<tr>\n<td style=\"text-align: justify;\">\n<ul>\n<li><strong>P. Mandl<\/strong>, P. Schrotter, E. Leitgeb, <em>Hybrid Systems Using DVB-T, WLAN and FSO to Connect Peripheral Regions with Broadband Internet Services<\/em>, ConTel 2009, International Conference on Telecommunications, 8-10 June 2009, Zagreb, Croatia (IEEE)<\/li>\n<\/ul>\n<\/td>\n<\/tr>\n<tr>\n<td style=\"text-align: justify;\">\n<ul>\n<li><strong>Mandl, P.<\/strong>, Schrotter, W. Kogler, E. Leitgeb, <em>Wireless Symmetric Broadband Last Mile Access Solutions for Multimedia Applications in License Free Frequency Bands<\/em>, The Mediterranean Journal of Electronics and Communications special issue on optical wireless 2009 (06\/09)<\/li>\n<\/ul>\n<\/td>\n<\/tr>\n<tr>\n<td style=\"text-align: justify;\">\n<ul>\n<li><strong>Mandl, P.<\/strong>; Schrotter, P.; Leitgeb, E., <em>Optical, Wired and Wireless Multimedia Service Access Solutions for trend Setting Real Estates<\/em>, pp. 64 \u2013 71, Vol. 4 \/ 2008, Communications &#8211; Scientific Letter of the University of Zilina, Slovakia<\/li>\n<\/ul>\n<\/td>\n<\/tr>\n<tr>\n<td style=\"text-align: justify;\">\n<ul>\n<li><strong>Mandl, P.<\/strong>, Schrotter, P., Leitgeb, E., <em>Wireless synchronous broadband last mile access solutions for multimedia applications in license free frequency spectru<\/em>m, CSNDSP 08 (July 23<sup>rd<\/sup> to 25<sup>th<\/sup> 2008), International Symposium on Communication Systems, Networks, and Digital Signal Processing, Graz, Austria<\/li>\n<\/ul>\n<\/td>\n<\/tr>\n<tr>\n<td style=\"text-align: justify;\">\n<ul>\n<li><strong>Mandl P.<\/strong>, Chlestil Ch., Zettl K., Leitgeb E., <em>Verwendung von Lichtfunk, Glasfaser und WLAN als tempor\u00e4re Installation f\u00fcr Multimediaanwendungen<\/em>, Springer Verlag, e &amp; i Elektrotechnik und Informationstechnik, Volume 124, Number 10, pp. 346-350<\/li>\n<\/ul>\n<\/td>\n<\/tr>\n<tr>\n<td style=\"text-align: justify;\">\n<ul>\n<li><strong>Mandl P.<\/strong>, Chlestil Ch., Zettl K., Leitgeb E., <em>Hybrid systems using Optical Wireless, Fiber Optics and WLAN for temporary multimedia applications,<\/em> Beitrag und Pr\u00e4sentation zur 9<sup>th<\/sup> International Conference on Telecommunications (ConTel 2007, IEEE-Konferenz), pp. 73 &#8211; 76, 13. &#8211; 15. Juni 2007, Zagreb, Croatia<\/li>\n<\/ul>\n<\/td>\n<\/tr>\n<tr>\n<td style=\"text-align: justify;\">\n<ul>\n<li><strong>Peter Mandl<\/strong>, Pirmin Pezzei, Erich Leitgeb, <em>Selected Health and Law Issues regarding Mobile Communications with Respect to 5G<\/em>,\u00a0<span class=\"date\"><span class=\"st\">International Conference on Broadband Communications for Next Generation Networks and Multimedia Applications (<em>CoBCom 2018<\/em>), July 11<sup>th<\/sup> &#8211; 13<sup>th<\/sup>, <em>2018<\/em>, Graz, Austria<\/span><br \/>\n<\/span><\/li>\n<\/ul>\n<\/td>\n<\/tr>\n<tr>\n<td style=\"text-align: justify;\">\n<ul>\n<li style=\"text-align: justify;\"><strong>Peter Mandl<\/strong>, &#8220;<em>Fit f\u00fcr die DSGVO &#8211; Rechtliche Grundlagen und grundlegende ausgew\u00e4hlte Informationen zur Europ\u00e4ischen Datenschutz Grundverordnung&#8221;<\/em> &#8211; Several t<span lang=\"en\">alks on behalf of the Chamber of Civil Engineers for Styria and Carinthia for all chamber members, April and May 2018<\/span><\/li>\n<\/ul>\n<\/td>\n<\/tr>\n<tr>\n<td style=\"text-align: justify;\">\n<ul>\n<li><strong>Peter Mandl<\/strong>, Pirmin Pezzei, David Veit, Erich Leitgeb, <em>Selected Health and Law Issues regarding Mobile Communications<\/em>, <span class=\"date\">25<sup>th<\/sup> International Conference on Software, Telecommunications and Computer Networks (<em>SoftCOM 2017<\/em>), <span class=\"st\">September 21-23 2017, Split, Croatia<\/span><br \/>\n<\/span><\/li>\n<\/ul>\n<\/td>\n<\/tr>\n<tr>\n<td style=\"text-align: justify;\">\n<ul>\n<li>Leitgeb, E., Plank, T., Loeschnigg, M., <strong>Mandl, P<\/strong>., <em>Free Space Optics in different (civil and military) application scenarios in combination with other wireless technologies (Invited)<\/em>, Proceedings of the 16th International Telecommunications Network Strategy and Planning Symposium, <span class=\"date\">Graz, Austria, July 6-10 2014<\/span><\/li>\n<\/ul>\n<\/td>\n<\/tr>\n<tr>\n<td style=\"text-align: justify;\">\n<ul>\n<li><strong>Mandl, P.<\/strong>, Unterhuber, P., Wagner, E. &amp; Leitgeb, E., <em>Law Situation of License Exempt Free Space Optic Beams Influencing Private Properties<\/em>, Proceedings of the 16<sup>th<\/sup> International Conference on Transparent Optical Networks (ICTON), Graz, Austria, July 6-10 2014, pp. 1-4<\/li>\n<\/ul>\n<\/td>\n<\/tr>\n<tr>\n<td style=\"text-align: justify;\">\n<ul>\n<li><strong>Mandl, P<\/strong>., Leitgeb, E., Loeschnigg, M., Plank, T. &amp; Pezzei, P, <em>FSO and WLAN as backward channel for internet connections of peripheral regions only covered by DVB-T<\/em>, Proceedings of the 15th International Conference on Transparent Optical Networks (ICTON), Cartagena, Spain, 23-27 June 2013, pp. 1-5<\/li>\n<\/ul>\n<\/td>\n<\/tr>\n<tr>\n<td style=\"text-align: justify;\">\n<ul>\n<li><strong>P. Mandl<\/strong>, F. Kerschner, E. Leitgeb, <em>Law Situation of license exempt Free Space Optic Beams crossing Private Properties,<\/em> ConTel 2011, International Conference on Telecommunications, 15-17 June 2011, Graz, Austria (IEEE)<\/li>\n<\/ul>\n<\/td>\n<\/tr>\n<tr>\n<td style=\"text-align: justify;\">\n<ul>\n<li>Thomas Plank, Martin Czaputa, Erich Leitgeb, Sajid Sheikh Muhammad, Nevena Djaja, Bernhard Hillbrand, <strong>Peter Mandl<\/strong>, Michael Sch\u00f6nhuber, <em>Wavelength Selection on FSO Links, <\/em>EUCAP 2011, European Conference on Antennas and Propagation, 11-15 April 2011, Rome, Italy<\/li>\n<\/ul>\n<\/td>\n<\/tr>\n<tr>\n<td style=\"text-align: justify;\">\n<ul>\n<li>S. Khan, M. S. Awan, S. S. Muhammad, V. Kvicera, M. Grabner, C. Capsoni, E. Leitgeb, <strong>P. Mandl<\/strong>, <em>Linearity in Optical Attenuations for Free-Space Optical Links in Continental Fog, <\/em>EUCAP 2011, European Conference on Antennas and Propagation, 11-15 April 2011, Rome, Italy<\/li>\n<\/ul>\n<\/td>\n<\/tr>\n<tr>\n<td style=\"text-align: justify;\">\n<ul>\n<li><strong>Mandl P.<\/strong>, Leitgeb E., <em>Latest FSO-Modelling results at TU Graz<\/em>, Presentation at WG3 at the COST IC0802 (MC-Meeting und WG-Meeting 8. November &#8211; 10. November 2010, Erice) COST\u00a0(European Cooperation in Science and Technology) IC0802 Meeting mit Workshop und ITU-R SG3 Meeting in Erice, Sicily, Italy, 11 \/ 2010<\/li>\n<\/ul>\n<\/td>\n<\/tr>\n<tr>\n<td style=\"text-align: justify;\">\n<ul>\n<li><strong>Mandl, P.<\/strong>, <em>Arbeitssicherheit beim Errichten und Warten von optischen und hochfrequenten fernmeldetechnischen Sende- u. Empfangseinrichtungen<\/em>, AUVA Projektarbeit, 2010<\/li>\n<\/ul>\n<\/td>\n<\/tr>\n<tr>\n<td style=\"text-align: justify;\">\n<ul>\n<li>M. L\u00f6schnigg, <strong>P. Mandl<\/strong>, E. Leitgeb, <em>Long-term Performance Observation of a Free Space Optics Link<\/em>, ConTel 2009, 8-10 June 2009, International Conference on Telecommunications Zagreb, Croatia (IEEE)<\/li>\n<\/ul>\n<\/td>\n<\/tr>\n<tr>\n<td style=\"text-align: justify;\">\n<ul>\n<li><strong>P. Mandl<\/strong>, P. Schrotter, E. Leitgeb, <em>Verwendung von DVB-T, WLAN und FSO f\u00fcr Internetanbindungen in unterversorgten Regionen<\/em>, Springer Verlag, e &amp; i Elektrotechnik und Informationstechnik, Volume 126, Numbers 7-8, pp. 322-326<\/li>\n<\/ul>\n<\/td>\n<\/tr>\n<tr>\n<td style=\"text-align: justify;\">\n<ul>\n<li><strong>P. Mandl<\/strong>, P. Schrotter, E. Leitgeb, <em>Hybrid Systems Using DVB-T, WLAN and FSO to Connect Peripheral Regions with Broadband Internet Services<\/em>, ConTel 2009, International Conference on Telecommunications, 8-10 June 2009, Zagreb, Croatia (IEEE)<\/li>\n<\/ul>\n<\/td>\n<\/tr>\n<tr>\n<td style=\"text-align: justify;\">\n<ul>\n<li><strong>Mandl, P.<\/strong>, Schrotter, W. Kogler, E. Leitgeb, <em>Wireless Symmetric Broadband Last Mile Access Solutions for Multimedia Applications in License Free Frequency Bands<\/em>, The Mediterranean Journal of Electronics and Communications special issue on optical wireless 2009 (06\/09)<\/li>\n<\/ul>\n<\/td>\n<\/tr>\n<tr>\n<td style=\"text-align: justify;\">\n<ul>\n<li><strong>Mandl, P.<\/strong>; Schrotter, P.; Leitgeb, E., <em>Optical, Wired and Wireless Multimedia Service Access Solutions for trend Setting Real Estates<\/em>, pp. 64 \u2013 71, Vol. 4 \/ 2008, Communications &#8211; Scientific Letter of the University of Zilina, Slovakia<\/li>\n<\/ul>\n<\/td>\n<\/tr>\n<tr>\n<td style=\"text-align: justify;\">\n<ul>\n<li><strong>Mandl, P.<\/strong>, Schrotter, P., Leitgeb, E., <em>Wireless synchronous broadband last mile access solutions for multimedia applications in license free frequency spectru<\/em>m, CSNDSP 08 (July 23<sup>rd<\/sup> to 25<sup>th<\/sup> 2008), International Symposium on Communication Systems, Networks, and Digital Signal Processing, Graz, Austria<\/li>\n<\/ul>\n<\/td>\n<\/tr>\n<tr>\n<td style=\"text-align: justify;\">\n<ul>\n<li><strong>Mandl P.<\/strong>, Chlestil Ch., Zettl K., Leitgeb E., <em>Verwendung von Lichtfunk, Glasfaser und WLAN als tempor\u00e4re Installation f\u00fcr Multimediaanwendungen<\/em>, Springer Verlag, e &amp; i Elektrotechnik und Informationstechnik, Volume 124, Number 10\/2007, pp. 346-350<\/li>\n<\/ul>\n<\/td>\n<\/tr>\n<tr>\n<td style=\"text-align: justify;\">\n<ul>\n<li><strong>Mandl P.<\/strong>, Chlestil Ch., Zettl K., Leitgeb E., <em>Hybrid systems using Optical Wireless, Fiber Optics and WLAN for temporary multimedia applications,<\/em> 9<sup>th<\/sup> International Conference on Telecommunications (ConTel 2007, IEEE-Konferenz), pp. 73 &#8211; 76, 13. &#8211; 15. Juni 2007, Zagreb, Croatia<\/li>\n<\/ul>\n<\/td>\n<\/tr>\n<\/tbody>\n<\/table>\n<p><\/p>","protected":false},"excerpt":{"rendered":"<p>Dipl.-Ing. Dr.techn. Peter Mandl is distinguished lecturer at the Institute for High Frequency Technology, University of Technology Graz and he exerts his international research work at the interface between information technology, business and law as an author or co-author of <a class=\"more-link\" href=\"https:\/\/www.mandl.org\/en\/forschungpublikationen\/\">Mehr&#8230;<\/a><\/p>\n","protected":false},"author":3,"featured_media":0,"parent":0,"menu_order":0,"comment_status":"closed","ping_status":"open","template":"","meta":{"footnotes":""},"class_list":["post-349","page","type-page","status-publish","hentry"],"yoast_head":"<!-- This site is optimized with the Yoast SEO plugin v27.5 - https:\/\/yoast.com\/product\/yoast-seo-wordpress\/ -->\n<title>Research\/Publications - ZIVILTECHNIKERKANZLEI Dipl.-Ing. Dr.techn. Peter MANDL<\/title>\n<meta name=\"robots\" content=\"index, follow, max-snippet:-1, max-image-preview:large, max-video-preview:-1\" \/>\n<link rel=\"canonical\" href=\"https:\/\/www.mandl.org\/en\/forschungpublikationen\/\" \/>\n<meta property=\"og:locale\" content=\"en_US\" \/>\n<meta property=\"og:type\" content=\"article\" \/>\n<meta property=\"og:title\" content=\"Research\/Publications - ZIVILTECHNIKERKANZLEI Dipl.-Ing. Dr.techn. Peter MANDL\" \/>\n<meta property=\"og:description\" content=\"Dipl.-Ing. Dr.techn. Peter Mandl is distinguished lecturer at the Institute for High Frequency Technology, University of Technology Graz and he exerts his international research work at the interface between information technology, business and law as an author or co-author of Mehr...\" \/>\n<meta property=\"og:url\" content=\"https:\/\/www.mandl.org\/en\/forschungpublikationen\/\" \/>\n<meta property=\"og:site_name\" content=\"ZIVILTECHNIKERKANZLEI Dipl.-Ing. Dr.techn. Peter MANDL\" \/>\n<meta property=\"article:modified_time\" content=\"2023-11-30T12:08:46+00:00\" \/>\n<meta name=\"twitter:label1\" content=\"Est. reading time\" \/>\n\t<meta name=\"twitter:data1\" content=\"9 minutes\" \/>\n<script type=\"application\/ld+json\" class=\"yoast-schema-graph\">{\"@context\":\"https:\\\/\\\/schema.org\",\"@graph\":[{\"@type\":\"WebPage\",\"@id\":\"https:\\\/\\\/www.mandl.org\\\/en\\\/forschungpublikationen\\\/\",\"url\":\"https:\\\/\\\/www.mandl.org\\\/en\\\/forschungpublikationen\\\/\",\"name\":\"Research\\\/Publications - ZIVILTECHNIKERKANZLEI Dipl.-Ing. Dr.techn. Peter MANDL\",\"isPartOf\":{\"@id\":\"https:\\\/\\\/www.mandl.org\\\/en\\\/#website\"},\"datePublished\":\"2015-08-16T11:26:09+00:00\",\"dateModified\":\"2023-11-30T12:08:46+00:00\",\"breadcrumb\":{\"@id\":\"https:\\\/\\\/www.mandl.org\\\/en\\\/forschungpublikationen\\\/#breadcrumb\"},\"inLanguage\":\"en-US\",\"potentialAction\":[{\"@type\":\"ReadAction\",\"target\":[[\"https:\\\/\\\/www.mandl.org\\\/en\\\/forschungpublikationen\\\/\"]]}]},{\"@type\":\"BreadcrumbList\",\"@id\":\"https:\\\/\\\/www.mandl.org\\\/en\\\/forschungpublikationen\\\/#breadcrumb\",\"itemListElement\":[{\"@type\":\"ListItem\",\"position\":1,\"name\":\"Home\",\"item\":\"https:\\\/\\\/www.mandl.org\\\/en\\\/\"},{\"@type\":\"ListItem\",\"position\":2,\"name\":\"Forschung\\\/Publikationen\"}]},{\"@type\":\"WebSite\",\"@id\":\"https:\\\/\\\/www.mandl.org\\\/en\\\/#website\",\"url\":\"https:\\\/\\\/www.mandl.org\\\/en\\\/\",\"name\":\"ZIVILTECHNIKERKANZLEI Dipl.-Ing. Dr.techn. Peter MANDL\",\"description\":\"Your partner for Information Technologies, Electrotechnics, Communication Technologies, Measurement Technologies, Business and IT Law\",\"publisher\":{\"@id\":\"https:\\\/\\\/www.mandl.org\\\/en\\\/#organization\"},\"potentialAction\":[{\"@type\":\"SearchAction\",\"target\":{\"@type\":\"EntryPoint\",\"urlTemplate\":\"https:\\\/\\\/www.mandl.org\\\/en\\\/?s={search_term_string}\"},\"query-input\":{\"@type\":\"PropertyValueSpecification\",\"valueRequired\":true,\"valueName\":\"search_term_string\"}}],\"inLanguage\":\"en-US\"},{\"@type\":\"Organization\",\"@id\":\"https:\\\/\\\/www.mandl.org\\\/en\\\/#organization\",\"name\":\"ZIVILTECHNIKERKANZLEI Dipl.-Ing. Dr.techn. Peter MANDL\",\"url\":\"https:\\\/\\\/www.mandl.org\\\/en\\\/\",\"logo\":{\"@type\":\"ImageObject\",\"inLanguage\":\"en-US\",\"@id\":\"https:\\\/\\\/www.mandl.org\\\/en\\\/#\\\/schema\\\/logo\\\/image\\\/\",\"url\":\"https:\\\/\\\/www.mandl.org\\\/wp-content\\\/uploads\\\/2015\\\/08\\\/Logo-ZT-Peter-Mandl-070815_kl1-e1438955890287.jpg\",\"contentUrl\":\"https:\\\/\\\/www.mandl.org\\\/wp-content\\\/uploads\\\/2015\\\/08\\\/Logo-ZT-Peter-Mandl-070815_kl1-e1438955890287.jpg\",\"width\":600,\"height\":128,\"caption\":\"ZIVILTECHNIKERKANZLEI Dipl.-Ing. Dr.techn. Peter MANDL\"},\"image\":{\"@id\":\"https:\\\/\\\/www.mandl.org\\\/en\\\/#\\\/schema\\\/logo\\\/image\\\/\"}}]}<\/script>\n<!-- \/ Yoast SEO plugin. -->","yoast_head_json":{"title":"Research\/Publications - ZIVILTECHNIKERKANZLEI Dipl.-Ing. Dr.techn. Peter MANDL","robots":{"index":"index","follow":"follow","max-snippet":"max-snippet:-1","max-image-preview":"max-image-preview:large","max-video-preview":"max-video-preview:-1"},"canonical":"https:\/\/www.mandl.org\/en\/forschungpublikationen\/","og_locale":"en_US","og_type":"article","og_title":"Research\/Publications - ZIVILTECHNIKERKANZLEI Dipl.-Ing. Dr.techn. Peter MANDL","og_description":"Dipl.-Ing. Dr.techn. Peter Mandl is distinguished lecturer at the Institute for High Frequency Technology, University of Technology Graz and he exerts his international research work at the interface between information technology, business and law as an author or co-author of Mehr...","og_url":"https:\/\/www.mandl.org\/en\/forschungpublikationen\/","og_site_name":"ZIVILTECHNIKERKANZLEI Dipl.-Ing. Dr.techn. Peter MANDL","article_modified_time":"2023-11-30T12:08:46+00:00","twitter_misc":{"Est. reading time":"9 minutes"},"schema":{"@context":"https:\/\/schema.org","@graph":[{"@type":"WebPage","@id":"https:\/\/www.mandl.org\/en\/forschungpublikationen\/","url":"https:\/\/www.mandl.org\/en\/forschungpublikationen\/","name":"Research\/Publications - ZIVILTECHNIKERKANZLEI Dipl.-Ing. Dr.techn. Peter MANDL","isPartOf":{"@id":"https:\/\/www.mandl.org\/en\/#website"},"datePublished":"2015-08-16T11:26:09+00:00","dateModified":"2023-11-30T12:08:46+00:00","breadcrumb":{"@id":"https:\/\/www.mandl.org\/en\/forschungpublikationen\/#breadcrumb"},"inLanguage":"en-US","potentialAction":[{"@type":"ReadAction","target":[["https:\/\/www.mandl.org\/en\/forschungpublikationen\/"]]}]},{"@type":"BreadcrumbList","@id":"https:\/\/www.mandl.org\/en\/forschungpublikationen\/#breadcrumb","itemListElement":[{"@type":"ListItem","position":1,"name":"Home","item":"https:\/\/www.mandl.org\/en\/"},{"@type":"ListItem","position":2,"name":"Forschung\/Publikationen"}]},{"@type":"WebSite","@id":"https:\/\/www.mandl.org\/en\/#website","url":"https:\/\/www.mandl.org\/en\/","name":"ZIVILTECHNIKERKANZLEI Dipl.-Ing. Dr.techn. Peter MANDL","description":"Your partner for Information Technologies, Electrotechnics, Communication Technologies, Measurement Technologies, Business and IT Law","publisher":{"@id":"https:\/\/www.mandl.org\/en\/#organization"},"potentialAction":[{"@type":"SearchAction","target":{"@type":"EntryPoint","urlTemplate":"https:\/\/www.mandl.org\/en\/?s={search_term_string}"},"query-input":{"@type":"PropertyValueSpecification","valueRequired":true,"valueName":"search_term_string"}}],"inLanguage":"en-US"},{"@type":"Organization","@id":"https:\/\/www.mandl.org\/en\/#organization","name":"ZIVILTECHNIKERKANZLEI Dipl.-Ing. Dr.techn. Peter MANDL","url":"https:\/\/www.mandl.org\/en\/","logo":{"@type":"ImageObject","inLanguage":"en-US","@id":"https:\/\/www.mandl.org\/en\/#\/schema\/logo\/image\/","url":"https:\/\/www.mandl.org\/wp-content\/uploads\/2015\/08\/Logo-ZT-Peter-Mandl-070815_kl1-e1438955890287.jpg","contentUrl":"https:\/\/www.mandl.org\/wp-content\/uploads\/2015\/08\/Logo-ZT-Peter-Mandl-070815_kl1-e1438955890287.jpg","width":600,"height":128,"caption":"ZIVILTECHNIKERKANZLEI Dipl.-Ing. Dr.techn. Peter MANDL"},"image":{"@id":"https:\/\/www.mandl.org\/en\/#\/schema\/logo\/image\/"}}]}},"_links":{"self":[{"href":"https:\/\/www.mandl.org\/en\/wp-json\/wp\/v2\/pages\/349","targetHints":{"allow":["GET"]}}],"collection":[{"href":"https:\/\/www.mandl.org\/en\/wp-json\/wp\/v2\/pages"}],"about":[{"href":"https:\/\/www.mandl.org\/en\/wp-json\/wp\/v2\/types\/page"}],"author":[{"embeddable":true,"href":"https:\/\/www.mandl.org\/en\/wp-json\/wp\/v2\/users\/3"}],"replies":[{"embeddable":true,"href":"https:\/\/www.mandl.org\/en\/wp-json\/wp\/v2\/comments?post=349"}],"version-history":[{"count":59,"href":"https:\/\/www.mandl.org\/en\/wp-json\/wp\/v2\/pages\/349\/revisions"}],"predecessor-version":[{"id":1240,"href":"https:\/\/www.mandl.org\/en\/wp-json\/wp\/v2\/pages\/349\/revisions\/1240"}],"wp:attachment":[{"href":"https:\/\/www.mandl.org\/en\/wp-json\/wp\/v2\/media?parent=349"}],"curies":[{"name":"wp","href":"https:\/\/api.w.org\/{rel}","templated":true}]}}