{"id":299,"date":"2015-08-16T09:03:47","date_gmt":"2015-08-16T08:03:47","guid":{"rendered":"http:\/\/dr.mandl.org\/?page_id=299"},"modified":"2024-02-17T14:04:02","modified_gmt":"2024-02-17T13:04:02","slug":"schwerpunkte","status":"publish","type":"page","link":"https:\/\/www.mandl.org\/en\/schwerpunkte\/","title":{"rendered":"Focal Points"},"content":{"rendered":"<p><\/p>\n<div id=\"gt-res-content\" class=\"almost_half_cell\">\n<div dir=\"ltr\" style=\"text-align: justify;\">\n<p><span class=\"\" lang=\"en\"><span class=\"\" lang=\"en\">As a contractor of major players ZIVILTECHNIKERKANZLEI Dipl.-Ing. Dr.techn. Peter MANDL as an expert is also responsible for the approval and accompanying controlinlarge-scale projects. The skills range from numerous investigations, the preparation of reports and expertises, advice in the different areas, process support in all courts, project support to the planning of projects.<\/span><\/span><\/p>\n<div dir=\"ltr\"><\/div>\n<\/div>\n<div id=\"gt-res-content\" class=\"almost_half_cell\">\n<p><span id=\"result_box\" class=\"\" lang=\"en\">We have long-term experience in specialized areas, such:<\/span><\/p>\n<ul>\n<li><span id=\"result_box\" class=\"\" lang=\"en\">Database systems<\/span><\/li>\n<li><span id=\"result_box\" class=\"\" lang=\"en\">Data protection (GDPR)<\/span><\/li>\n<li><span id=\"result_box\" class=\"\" lang=\"en\">ERP systems<\/span><\/li>\n<li><span id=\"result_box\" class=\"\" lang=\"en\">E-Government and e<span class=\"atn\">-Health<\/span><\/span><\/li>\n<li><span id=\"result_box\" class=\"\" lang=\"en\">IT forensics, economic forensics, cybercrime, cryptography and security<\/span><\/li>\n<li><span id=\"result_box\" class=\"\" lang=\"en\">Software design, development and quality assurance<\/span><\/li>\n<li>Electrotechnics, communication- and measurement technologies<\/li>\n<li>Smart Home, IoT (Internet of Things)<\/li>\n<li style=\"text-align: justify;\">(Long term)Measurement technologies, eg quality of electricity, power, temperature, radiation, pressure, low and high frequency electromagnetic radiation (&#8220;electrosmog&#8221;)<\/li>\n<li>Occupational safety<\/li>\n<li>Real estate valuation<\/li>\n<\/ul>\n<h2 dir=\"ltr\" style=\"text-align: justify;\">Mission Statement<\/h2>\n<\/div>\n<p style=\"text-align: justify;\"><strong>We guarantee<\/strong><\/p>\n<div id=\"gt-res-content\" class=\"almost_half_cell\" style=\"text-align: justify;\">\n<div dir=\"ltr\"><span id=\"result_box\" class=\"\" lang=\"en\">compliance with economic and safety-related quality standards. Civil Engineers \/ Chartered Engineering Consultants are committed solely to the contracting authority, are bound to secrecy, and act independently of supply interests. Chartered Engineering Consultants equate to official experts and similar to notaries they act with public confidence<span class=\"\">.<\/span><\/span><\/div>\n<div dir=\"ltr\"><\/div>\n<div dir=\"ltr\"><\/div>\n<div>\n<\/p>\n<p style=\"text-align: justify;\"><strong>Chartered Engineering Consultants<\/strong><\/p>\n<p style=\"text-align: justify;\" align=\"justify\"><span id=\"result_box\" class=\"\" lang=\"en\">plan, advise, examine, monitor, take measurements, coordinate, manage in trust, deliver expert opinions, represent before authorities take general planning orders. Consulting Engineers and Architects form together the group of civil engineers. They are authorized by the state and sworn and they bear the federal coat of arms of the Republic of Austria as a seal. Civil engineers and consulting engineers are called in more than 20 federal acts as a provider of expert opinions, test certificates or documents.<\/span><\/p>\n<\/div>\n<\/div>\n<\/div>\n<div id=\"gt-res-content\" class=\"almost_half_cell\">\n<div dir=\"ltr\" style=\"text-align: justify;\">\n<p><span class=\"\" lang=\"en\"><span class=\"\" lang=\"en\">As a contractor of major players ZIVILTECHNIKERKANZLEI Dipl.-Ing. Dr.techn. Peter MANDL is also responsible for the approval and accompanying controlinlarge-scale projects. The skills range from numerous investigations, the preparation of reports and expertises, advice in the different areas, process support in all courts, project support to the planning of projects.<\/span><\/span><\/p>\n<\/div>\n<\/div>\n<p><\/p>","protected":false},"excerpt":{"rendered":"<p align=\"justify\">ZIVILTECHNIKERKANZLEI Dipl.-Ing. Dr.techn. Peter MANDL is involved, among other things, in the field of information technology, electrical engineering, communications technology and occupational safety with the preparation of reports, advice, as well as acceptance and accompanying control in large projects.<\/p>\n<p> <a class=\"more-link\" href=\"https:\/\/www.mandl.org\/en\/schwerpunkte\/\">Mehr&#8230;<\/a><\/p>\n","protected":false},"author":3,"featured_media":0,"parent":0,"menu_order":0,"comment_status":"closed","ping_status":"open","template":"","meta":{"footnotes":""},"class_list":["post-299","page","type-page","status-publish","hentry"],"yoast_head":"<!-- This site is optimized with the Yoast SEO plugin v27.5 - https:\/\/yoast.com\/product\/yoast-seo-wordpress\/ -->\n<title>Focal Points - ZIVILTECHNIKERKANZLEI Dipl.-Ing. Dr.techn. Peter MANDL<\/title>\n<meta name=\"description\" content=\"ERP, Datensicherheit (DSGVO), IT-Forensik, Wirtschafts-Forensik, Cybercrime, K\u00fcnstliche Intelligenz, AI, KI, Kryptographie, Kryptow\u00e4hrungen, Zahlungssysteme, Handyforensik, Softwaredesign. Elektro-, Nachrichten- und Messtechnik Smart Home, IoT, Warenwirtschaftsysteme (ERP Systeme) Datenbanksysteme Datensicherheit - Europ\u00e4ische Datenschutz Grundverordnung (DSGVO) E-Government und e-Health IT-Forensik, Wirtschafts-Forensik, Cybercrime, Kryptographie und Sicherheit, Softwaredesign, Development und Qualit\u00e4tssicherung Elektro-, Nachrichten- und Messtechnik, Smart Home, IoT (Internet of Things), (Langzeit)Messung unterschiedlicher Messgr\u00f6\u00dfen wie zB Spannungsqualit\u00e4t, Leistung, Temperatur, Strahlung, Druck, nieder- und hochfrequente elektromagnische Strahlung (&quot;Elektrosmog&quot; ), Arbeitssicherheit, Bewertung von Immobilien\" \/>\n<meta name=\"robots\" content=\"index, follow, max-snippet:-1, max-image-preview:large, max-video-preview:-1\" \/>\n<link rel=\"canonical\" href=\"https:\/\/www.mandl.org\/en\/schwerpunkte\/\" \/>\n<meta property=\"og:locale\" content=\"en_US\" \/>\n<meta property=\"og:type\" content=\"article\" \/>\n<meta property=\"og:title\" content=\"Focal Points - ZIVILTECHNIKERKANZLEI Dipl.-Ing. Dr.techn. Peter MANDL\" \/>\n<meta property=\"og:description\" content=\"ERP, Datensicherheit (DSGVO), IT-Forensik, Wirtschafts-Forensik, Cybercrime, K\u00fcnstliche Intelligenz, AI, KI, Kryptographie, Kryptow\u00e4hrungen, Zahlungssysteme, Handyforensik, Softwaredesign. Elektro-, Nachrichten- und Messtechnik Smart Home, IoT, Warenwirtschaftsysteme (ERP Systeme) Datenbanksysteme Datensicherheit - Europ\u00e4ische Datenschutz Grundverordnung (DSGVO) E-Government und e-Health IT-Forensik, Wirtschafts-Forensik, Cybercrime, Kryptographie und Sicherheit, Softwaredesign, Development und Qualit\u00e4tssicherung Elektro-, Nachrichten- und Messtechnik, Smart Home, IoT (Internet of Things), (Langzeit)Messung unterschiedlicher Messgr\u00f6\u00dfen wie zB Spannungsqualit\u00e4t, Leistung, Temperatur, Strahlung, Druck, nieder- und hochfrequente elektromagnische Strahlung (&quot;Elektrosmog&quot; ), Arbeitssicherheit, Bewertung von Immobilien\" \/>\n<meta property=\"og:url\" content=\"https:\/\/www.mandl.org\/en\/schwerpunkte\/\" \/>\n<meta property=\"og:site_name\" content=\"ZIVILTECHNIKERKANZLEI Dipl.-Ing. Dr.techn. Peter MANDL\" \/>\n<meta property=\"article:modified_time\" content=\"2024-02-17T13:04:02+00:00\" \/>\n<meta name=\"twitter:label1\" content=\"Est. reading time\" \/>\n\t<meta name=\"twitter:data1\" content=\"2 minutes\" \/>\n<script type=\"application\/ld+json\" class=\"yoast-schema-graph\">{\"@context\":\"https:\\\/\\\/schema.org\",\"@graph\":[{\"@type\":\"WebPage\",\"@id\":\"https:\\\/\\\/www.mandl.org\\\/en\\\/schwerpunkte\\\/\",\"url\":\"https:\\\/\\\/www.mandl.org\\\/en\\\/schwerpunkte\\\/\",\"name\":\"Focal Points - ZIVILTECHNIKERKANZLEI Dipl.-Ing. Dr.techn. Peter MANDL\",\"isPartOf\":{\"@id\":\"https:\\\/\\\/www.mandl.org\\\/en\\\/#website\"},\"datePublished\":\"2015-08-16T08:03:47+00:00\",\"dateModified\":\"2024-02-17T13:04:02+00:00\",\"description\":\"ERP, Datensicherheit (DSGVO), IT-Forensik, Wirtschafts-Forensik, Cybercrime, K\u00fcnstliche Intelligenz, AI, KI, Kryptographie, Kryptow\u00e4hrungen, Zahlungssysteme, Handyforensik, Softwaredesign. Elektro-, Nachrichten- und Messtechnik Smart Home, IoT, Warenwirtschaftsysteme (ERP Systeme) Datenbanksysteme Datensicherheit - Europ\u00e4ische Datenschutz Grundverordnung (DSGVO) E-Government und e-Health IT-Forensik, Wirtschafts-Forensik, Cybercrime, Kryptographie und Sicherheit, Softwaredesign, Development und Qualit\u00e4tssicherung Elektro-, Nachrichten- und Messtechnik, Smart Home, IoT (Internet of Things), (Langzeit)Messung unterschiedlicher Messgr\u00f6\u00dfen wie zB Spannungsqualit\u00e4t, Leistung, Temperatur, Strahlung, Druck, nieder- und hochfrequente elektromagnische Strahlung (\\\"Elektrosmog\\\" ), Arbeitssicherheit, Bewertung von Immobilien\",\"breadcrumb\":{\"@id\":\"https:\\\/\\\/www.mandl.org\\\/en\\\/schwerpunkte\\\/#breadcrumb\"},\"inLanguage\":\"en-US\",\"potentialAction\":[{\"@type\":\"ReadAction\",\"target\":[[\"https:\\\/\\\/www.mandl.org\\\/en\\\/schwerpunkte\\\/\"]]}]},{\"@type\":\"BreadcrumbList\",\"@id\":\"https:\\\/\\\/www.mandl.org\\\/en\\\/schwerpunkte\\\/#breadcrumb\",\"itemListElement\":[{\"@type\":\"ListItem\",\"position\":1,\"name\":\"Home\",\"item\":\"https:\\\/\\\/www.mandl.org\\\/en\\\/\"},{\"@type\":\"ListItem\",\"position\":2,\"name\":\"Schwerpunkte\"}]},{\"@type\":\"WebSite\",\"@id\":\"https:\\\/\\\/www.mandl.org\\\/en\\\/#website\",\"url\":\"https:\\\/\\\/www.mandl.org\\\/en\\\/\",\"name\":\"ZIVILTECHNIKERKANZLEI Dipl.-Ing. Dr.techn. Peter MANDL\",\"description\":\"Your partner for Information Technologies, Electrotechnics, Communication Technologies, Measurement Technologies, Business and IT Law\",\"publisher\":{\"@id\":\"https:\\\/\\\/www.mandl.org\\\/en\\\/#organization\"},\"potentialAction\":[{\"@type\":\"SearchAction\",\"target\":{\"@type\":\"EntryPoint\",\"urlTemplate\":\"https:\\\/\\\/www.mandl.org\\\/en\\\/?s={search_term_string}\"},\"query-input\":{\"@type\":\"PropertyValueSpecification\",\"valueRequired\":true,\"valueName\":\"search_term_string\"}}],\"inLanguage\":\"en-US\"},{\"@type\":\"Organization\",\"@id\":\"https:\\\/\\\/www.mandl.org\\\/en\\\/#organization\",\"name\":\"ZIVILTECHNIKERKANZLEI Dipl.-Ing. Dr.techn. Peter MANDL\",\"url\":\"https:\\\/\\\/www.mandl.org\\\/en\\\/\",\"logo\":{\"@type\":\"ImageObject\",\"inLanguage\":\"en-US\",\"@id\":\"https:\\\/\\\/www.mandl.org\\\/en\\\/#\\\/schema\\\/logo\\\/image\\\/\",\"url\":\"https:\\\/\\\/www.mandl.org\\\/wp-content\\\/uploads\\\/2015\\\/08\\\/Logo-ZT-Peter-Mandl-070815_kl1-e1438955890287.jpg\",\"contentUrl\":\"https:\\\/\\\/www.mandl.org\\\/wp-content\\\/uploads\\\/2015\\\/08\\\/Logo-ZT-Peter-Mandl-070815_kl1-e1438955890287.jpg\",\"width\":600,\"height\":128,\"caption\":\"ZIVILTECHNIKERKANZLEI Dipl.-Ing. Dr.techn. Peter MANDL\"},\"image\":{\"@id\":\"https:\\\/\\\/www.mandl.org\\\/en\\\/#\\\/schema\\\/logo\\\/image\\\/\"}}]}<\/script>\n<!-- \/ Yoast SEO plugin. -->","yoast_head_json":{"title":"Focal Points - ZIVILTECHNIKERKANZLEI Dipl.-Ing. Dr.techn. Peter MANDL","description":"ERP, Datensicherheit (DSGVO), IT-Forensik, Wirtschafts-Forensik, Cybercrime, K\u00fcnstliche Intelligenz, AI, KI, Kryptographie, Kryptow\u00e4hrungen, Zahlungssysteme, Handyforensik, Softwaredesign. Elektro-, Nachrichten- und Messtechnik Smart Home, IoT, Warenwirtschaftsysteme (ERP Systeme) Datenbanksysteme Datensicherheit - Europ\u00e4ische Datenschutz Grundverordnung (DSGVO) E-Government und e-Health IT-Forensik, Wirtschafts-Forensik, Cybercrime, Kryptographie und Sicherheit, Softwaredesign, Development und Qualit\u00e4tssicherung Elektro-, Nachrichten- und Messtechnik, Smart Home, IoT (Internet of Things), (Langzeit)Messung unterschiedlicher Messgr\u00f6\u00dfen wie zB Spannungsqualit\u00e4t, Leistung, Temperatur, Strahlung, Druck, nieder- und hochfrequente elektromagnische Strahlung (\"Elektrosmog\" ), Arbeitssicherheit, Bewertung von Immobilien","robots":{"index":"index","follow":"follow","max-snippet":"max-snippet:-1","max-image-preview":"max-image-preview:large","max-video-preview":"max-video-preview:-1"},"canonical":"https:\/\/www.mandl.org\/en\/schwerpunkte\/","og_locale":"en_US","og_type":"article","og_title":"Focal Points - ZIVILTECHNIKERKANZLEI Dipl.-Ing. Dr.techn. Peter MANDL","og_description":"ERP, Datensicherheit (DSGVO), IT-Forensik, Wirtschafts-Forensik, Cybercrime, K\u00fcnstliche Intelligenz, AI, KI, Kryptographie, Kryptow\u00e4hrungen, Zahlungssysteme, Handyforensik, Softwaredesign. Elektro-, Nachrichten- und Messtechnik Smart Home, IoT, Warenwirtschaftsysteme (ERP Systeme) Datenbanksysteme Datensicherheit - Europ\u00e4ische Datenschutz Grundverordnung (DSGVO) E-Government und e-Health IT-Forensik, Wirtschafts-Forensik, Cybercrime, Kryptographie und Sicherheit, Softwaredesign, Development und Qualit\u00e4tssicherung Elektro-, Nachrichten- und Messtechnik, Smart Home, IoT (Internet of Things), (Langzeit)Messung unterschiedlicher Messgr\u00f6\u00dfen wie zB Spannungsqualit\u00e4t, Leistung, Temperatur, Strahlung, Druck, nieder- und hochfrequente elektromagnische Strahlung (\"Elektrosmog\" ), Arbeitssicherheit, Bewertung von Immobilien","og_url":"https:\/\/www.mandl.org\/en\/schwerpunkte\/","og_site_name":"ZIVILTECHNIKERKANZLEI Dipl.-Ing. Dr.techn. Peter MANDL","article_modified_time":"2024-02-17T13:04:02+00:00","twitter_misc":{"Est. reading time":"2 minutes"},"schema":{"@context":"https:\/\/schema.org","@graph":[{"@type":"WebPage","@id":"https:\/\/www.mandl.org\/en\/schwerpunkte\/","url":"https:\/\/www.mandl.org\/en\/schwerpunkte\/","name":"Focal Points - ZIVILTECHNIKERKANZLEI Dipl.-Ing. Dr.techn. Peter MANDL","isPartOf":{"@id":"https:\/\/www.mandl.org\/en\/#website"},"datePublished":"2015-08-16T08:03:47+00:00","dateModified":"2024-02-17T13:04:02+00:00","description":"ERP, Datensicherheit (DSGVO), IT-Forensik, Wirtschafts-Forensik, Cybercrime, K\u00fcnstliche Intelligenz, AI, KI, Kryptographie, Kryptow\u00e4hrungen, Zahlungssysteme, Handyforensik, Softwaredesign. Elektro-, Nachrichten- und Messtechnik Smart Home, IoT, Warenwirtschaftsysteme (ERP Systeme) Datenbanksysteme Datensicherheit - Europ\u00e4ische Datenschutz Grundverordnung (DSGVO) E-Government und e-Health IT-Forensik, Wirtschafts-Forensik, Cybercrime, Kryptographie und Sicherheit, Softwaredesign, Development und Qualit\u00e4tssicherung Elektro-, Nachrichten- und Messtechnik, Smart Home, IoT (Internet of Things), (Langzeit)Messung unterschiedlicher Messgr\u00f6\u00dfen wie zB Spannungsqualit\u00e4t, Leistung, Temperatur, Strahlung, Druck, nieder- und hochfrequente elektromagnische Strahlung (\"Elektrosmog\" ), Arbeitssicherheit, Bewertung von Immobilien","breadcrumb":{"@id":"https:\/\/www.mandl.org\/en\/schwerpunkte\/#breadcrumb"},"inLanguage":"en-US","potentialAction":[{"@type":"ReadAction","target":[["https:\/\/www.mandl.org\/en\/schwerpunkte\/"]]}]},{"@type":"BreadcrumbList","@id":"https:\/\/www.mandl.org\/en\/schwerpunkte\/#breadcrumb","itemListElement":[{"@type":"ListItem","position":1,"name":"Home","item":"https:\/\/www.mandl.org\/en\/"},{"@type":"ListItem","position":2,"name":"Schwerpunkte"}]},{"@type":"WebSite","@id":"https:\/\/www.mandl.org\/en\/#website","url":"https:\/\/www.mandl.org\/en\/","name":"ZIVILTECHNIKERKANZLEI Dipl.-Ing. Dr.techn. Peter MANDL","description":"Your partner for Information Technologies, Electrotechnics, Communication Technologies, Measurement Technologies, Business and IT Law","publisher":{"@id":"https:\/\/www.mandl.org\/en\/#organization"},"potentialAction":[{"@type":"SearchAction","target":{"@type":"EntryPoint","urlTemplate":"https:\/\/www.mandl.org\/en\/?s={search_term_string}"},"query-input":{"@type":"PropertyValueSpecification","valueRequired":true,"valueName":"search_term_string"}}],"inLanguage":"en-US"},{"@type":"Organization","@id":"https:\/\/www.mandl.org\/en\/#organization","name":"ZIVILTECHNIKERKANZLEI Dipl.-Ing. Dr.techn. Peter MANDL","url":"https:\/\/www.mandl.org\/en\/","logo":{"@type":"ImageObject","inLanguage":"en-US","@id":"https:\/\/www.mandl.org\/en\/#\/schema\/logo\/image\/","url":"https:\/\/www.mandl.org\/wp-content\/uploads\/2015\/08\/Logo-ZT-Peter-Mandl-070815_kl1-e1438955890287.jpg","contentUrl":"https:\/\/www.mandl.org\/wp-content\/uploads\/2015\/08\/Logo-ZT-Peter-Mandl-070815_kl1-e1438955890287.jpg","width":600,"height":128,"caption":"ZIVILTECHNIKERKANZLEI Dipl.-Ing. Dr.techn. Peter MANDL"},"image":{"@id":"https:\/\/www.mandl.org\/en\/#\/schema\/logo\/image\/"}}]}},"_links":{"self":[{"href":"https:\/\/www.mandl.org\/en\/wp-json\/wp\/v2\/pages\/299","targetHints":{"allow":["GET"]}}],"collection":[{"href":"https:\/\/www.mandl.org\/en\/wp-json\/wp\/v2\/pages"}],"about":[{"href":"https:\/\/www.mandl.org\/en\/wp-json\/wp\/v2\/types\/page"}],"author":[{"embeddable":true,"href":"https:\/\/www.mandl.org\/en\/wp-json\/wp\/v2\/users\/3"}],"replies":[{"embeddable":true,"href":"https:\/\/www.mandl.org\/en\/wp-json\/wp\/v2\/comments?post=299"}],"version-history":[{"count":52,"href":"https:\/\/www.mandl.org\/en\/wp-json\/wp\/v2\/pages\/299\/revisions"}],"predecessor-version":[{"id":1245,"href":"https:\/\/www.mandl.org\/en\/wp-json\/wp\/v2\/pages\/299\/revisions\/1245"}],"wp:attachment":[{"href":"https:\/\/www.mandl.org\/en\/wp-json\/wp\/v2\/media?parent=299"}],"curies":[{"name":"wp","href":"https:\/\/api.w.org\/{rel}","templated":true}]}}